{"id":688,"date":"2019-05-06T16:36:50","date_gmt":"2019-05-06T16:36:50","guid":{"rendered":"https:\/web\/index.php\/register\/"},"modified":"2019-06-06T09:02:31","modified_gmt":"2019-06-06T09:02:31","slug":"register","status":"publish","type":"page","link":"https:\/\/fondazioneaureliobeltrami.org\/index.php\/register\/","title":{"rendered":"REGISTRATI"},"content":{"rendered":"\n<div class=\"um um-register um-681\">\n\t<div class=\"um-form\" data-mode=\"register\">\n\t\t<form method=\"post\" action=\"\">\n\t\t\t<div class=\"um-row _um_row_1 \" style=\"margin: 0 0 30px 0;\"><div class=\"um-col-131\"><div  id=\"um_field_681_user_login\" class=\"um-field um-field-text  um-field-user_login um-field-text um-field-type_text\" data-key=\"user_login\"><div class=\"um-field-label\"><label for=\"user_login-681\">NOME UTENTE<span class=\"um-req\" title=\"Richiesto\">*<\/span><\/label><div class=\"um-clear\"><\/div><\/div><div class=\"um-field-area\"><input  autocomplete=\"off\" class=\"um-form-field valid \" type=\"text\" name=\"user_login-681\" id=\"user_login-681\" value=\"\" placeholder=\"INSERISCI UN NOME UTENTE A PIACERE\" data-validate=\"unique_username\" data-key=\"user_login\"  aria-invalid=\"false\" \/>\n\n\t\t\t\t\t\t<\/div><\/div><div  id=\"um_field_681_user_password\" class=\"um-field um-field-password  um-field-user_password um-field-password um-field-type_password\" data-key=\"user_password\"><div class=\"um-field-label\"><label for=\"user_password-681\">Password<span class=\"um-req\" title=\"Richiesto\">*<\/span><\/label><span class=\"um-tip um-tip-w\" title=\"Minimo 8 caratteri, con almeno una lettera maiuscola, una minuscola e un numero\"><i class=\"um-icon-help-circled\"><\/i><\/span><div class=\"um-clear\"><\/div><\/div><div class=\"um-field-area\"><input class=\"um-form-field valid \" type=\"password\" name=\"user_password-681\" id=\"user_password-681\" value=\"\" placeholder=\"Password personale: min. 8 caratteri, una maiuscola e un numero\" data-validate=\"\" data-key=\"user_password\"  aria-invalid=\"false\" \/>\n\n\t\t\t\t\t\t\t<\/div><\/div><div  id=\"um_field_681_confirm_user_password\" class=\"um-field um-field-password  um-field-user_password um-field-password um-field-type_password\" data-key=\"confirm_user_password\"><div class=\"um-field-label\"><label for=\"confirm_user_password-681\">Confirm Password<span class=\"um-req\" title=\"Richiesto\">*<\/span><\/label><div class=\"um-clear\"><\/div><\/div><div class=\"um-field-area\"><input class=\"um-form-field valid \" type=\"password\" name=\"confirm_user_password-681\" id=\"confirm_user_password-681\" value=\"\" placeholder=\"Confirm Password\" data-validate=\"\" data-key=\"confirm_user_password\"  aria-invalid=\"false\" \/><\/div><\/div><div  id=\"um_field_681_user_email\" class=\"um-field um-field-text  um-field-user_email um-field-text um-field-type_text\" data-key=\"user_email\"><div class=\"um-field-label\"><label for=\"user_email-681\">E-mail<span class=\"um-req\" title=\"Richiesto\">*<\/span><\/label><div class=\"um-clear\"><\/div><\/div><div class=\"um-field-area\"><input  autocomplete=\"off\" class=\"um-form-field valid \" type=\"text\" name=\"user_email-681\" id=\"user_email-681\" value=\"\" placeholder=\"\" data-validate=\"unique_email\" data-key=\"user_email\"  aria-invalid=\"false\" \/>\n\n\t\t\t\t\t\t<\/div><\/div><div  id=\"um_field_681_phone_number\" class=\"um-field um-field-text  um-field-phone_number um-field-text um-field-type_text\" data-key=\"phone_number\"><div class=\"um-field-label\"><div class=\"um-field-label-icon\"><i class=\"um-faicon-phone\" aria-label=\"Telefono\"><\/i><\/div><label for=\"phone_number-681\">Telefono<span class=\"um-req\" title=\"Richiesto\">*<\/span><\/label><div class=\"um-clear\"><\/div><\/div><div class=\"um-field-area\"><input  autocomplete=\"off\" class=\"um-form-field valid \" type=\"text\" name=\"phone_number-681\" id=\"phone_number-681\" value=\"\" placeholder=\"\" data-validate=\"phone_number\" data-key=\"phone_number\"  aria-invalid=\"false\" \/>\n\n\t\t\t\t\t\t<\/div><\/div><div  id=\"um_field_681_first_name\" class=\"um-field um-field-text  um-field-first_name um-field-text um-field-type_text\" data-key=\"first_name\"><div class=\"um-field-label\"><label for=\"first_name-681\">Nome<span class=\"um-req\" title=\"Richiesto\">*<\/span><\/label><div class=\"um-clear\"><\/div><\/div><div class=\"um-field-area\"><input  autocomplete=\"off\" class=\"um-form-field valid \" type=\"text\" name=\"first_name-681\" id=\"first_name-681\" value=\"\" placeholder=\"\" data-validate=\"\" data-key=\"first_name\"  aria-invalid=\"false\" \/>\n\n\t\t\t\t\t\t<\/div><\/div><div  id=\"um_field_681_last_name\" class=\"um-field um-field-text  um-field-last_name um-field-text um-field-type_text\" data-key=\"last_name\"><div class=\"um-field-label\"><label for=\"last_name-681\">Cognome<span class=\"um-req\" title=\"Richiesto\">*<\/span><\/label><div class=\"um-clear\"><\/div><\/div><div class=\"um-field-area\"><input  autocomplete=\"off\" class=\"um-form-field valid \" type=\"text\" name=\"last_name-681\" id=\"last_name-681\" value=\"\" placeholder=\"\" data-validate=\"\" data-key=\"last_name\"  aria-invalid=\"false\" \/>\n\n\t\t\t\t\t\t<\/div><\/div><\/div><div class=\"um-col-132\"><div  id=\"um_field_681_citta\" class=\"um-field um-field-text  um-field-citta um-field-text um-field-type_text\" data-key=\"citta\"><div class=\"um-field-label\"><label for=\"citta-681\">Citt\u00e0<span class=\"um-req\" title=\"Richiesto\">*<\/span><\/label><div class=\"um-clear\"><\/div><\/div><div class=\"um-field-area\"><input  autocomplete=\"off\" class=\"um-form-field valid \" type=\"text\" name=\"citta-681\" id=\"citta-681\" value=\"\" placeholder=\"citt\u00e0\" data-validate=\"\" data-key=\"citta\"  aria-invalid=\"false\" \/>\n\n\t\t\t\t\t\t<\/div><\/div><div  id=\"um_field_681_nazione\" class=\"um-field um-field-text  um-field-nazione um-field-text um-field-type_text\" data-key=\"nazione\"><div class=\"um-field-label\"><label for=\"nazione-681\">Nazione<span class=\"um-req\" title=\"Richiesto\">*<\/span><\/label><div class=\"um-clear\"><\/div><\/div><div class=\"um-field-area\"><input  autocomplete=\"off\" class=\"um-form-field valid \" type=\"text\" name=\"nazione-681\" id=\"nazione-681\" value=\"\" placeholder=\"\" data-validate=\"\" data-key=\"nazione\"  aria-invalid=\"false\" \/>\n\n\t\t\t\t\t\t<\/div><\/div><div  id=\"um_field_681_provincia\" class=\"um-field um-field-text  um-field-provincia um-field-text um-field-type_text\" data-key=\"provincia\"><div class=\"um-field-label\"><label for=\"provincia-681\">Provincia<span class=\"um-req\" title=\"Richiesto\">*<\/span><\/label><div class=\"um-clear\"><\/div><\/div><div class=\"um-field-area\"><input  autocomplete=\"off\" class=\"um-form-field valid \" type=\"text\" name=\"provincia-681\" id=\"provincia-681\" value=\"\" placeholder=\"\" data-validate=\"\" data-key=\"provincia\"  aria-invalid=\"false\" \/>\n\n\t\t\t\t\t\t<\/div><\/div><div  id=\"um_field_681_via\" class=\"um-field um-field-text  um-field-via um-field-text um-field-type_text\" data-key=\"via\"><div class=\"um-field-label\"><label for=\"via-681\">Via\/Piazza\/etc...<span class=\"um-req\" title=\"Richiesto\">*<\/span><\/label><div class=\"um-clear\"><\/div><\/div><div class=\"um-field-area\"><input  autocomplete=\"off\" class=\"um-form-field valid \" type=\"text\" name=\"via-681\" id=\"via-681\" value=\"\" placeholder=\"inserisci il tu indirizzo\" data-validate=\"\" data-key=\"via\"  aria-invalid=\"false\" \/>\n\n\t\t\t\t\t\t<\/div><\/div><div  id=\"um_field_681_numero_civico\" class=\"um-field um-field-text  um-field-numero_civico um-field-text um-field-type_text\" data-key=\"numero_civico\"><div class=\"um-field-label\"><label for=\"numero_civico-681\">Numero Civico<span class=\"um-req\" title=\"Richiesto\">*<\/span><\/label><div class=\"um-clear\"><\/div><\/div><div class=\"um-field-area\"><input  autocomplete=\"off\" class=\"um-form-field valid \" type=\"text\" name=\"numero_civico-681\" id=\"numero_civico-681\" value=\"\" placeholder=\"\" data-validate=\"\" data-key=\"numero_civico\"  aria-invalid=\"false\" \/>\n\n\t\t\t\t\t\t<\/div><\/div><div  id=\"um_field_681_cap_1\" class=\"um-field um-field-text  um-field-cap_1 um-field-text um-field-type_text\" data-key=\"cap_1\"><div class=\"um-field-label\"><label for=\"cap_1-681\">CAP<span class=\"um-req\" title=\"Richiesto\">*<\/span><\/label><div class=\"um-clear\"><\/div><\/div><div class=\"um-field-area\"><input  autocomplete=\"off\" class=\"um-form-field valid \" type=\"text\" name=\"cap_1-681\" id=\"cap_1-681\" value=\"\" placeholder=\"\" data-validate=\"numeric\" data-key=\"cap_1\"  aria-invalid=\"false\" \/>\n\n\t\t\t\t\t\t<\/div><\/div><\/div><div class=\"um-col-133\"><div  id=\"um_field_681_tipo_studi\" class=\"um-field um-field-text  um-field-tipo_studi um-field-text um-field-type_text\" data-key=\"tipo_studi\"><div class=\"um-field-label\"><label for=\"tipo_studi-681\">Studi universitari in...<span class=\"um-req\" title=\"Richiesto\">*<\/span><\/label><span class=\"um-tip um-tip-w\" title=\"Inserisci la tipologia di studi svolti\"><i class=\"um-icon-help-circled\"><\/i><\/span><div class=\"um-clear\"><\/div><\/div><div class=\"um-field-area\"><input  autocomplete=\"off\" class=\"um-form-field valid \" type=\"text\" name=\"tipo_studi-681\" id=\"tipo_studi-681\" value=\"\" placeholder=\"Inserisci la tipologia di studi svolti\" data-validate=\"0\" data-key=\"tipo_studi\"  aria-invalid=\"false\" \/>\n\n\t\t\t\t\t\t<\/div><\/div><div  id=\"um_field_681_candidatura_anno\" class=\"um-field um-field-number  um-field-candidatura_anno um-field-number um-field-type_number\" data-key=\"candidatura_anno\"><div class=\"um-field-label\"><label for=\"candidatura_anno-681\">ANNO ultima candidatura BORSA FAB<span class=\"um-req\" title=\"Richiesto\">*<\/span><\/label><span class=\"um-tip um-tip-w\" title=\"Inserisci l&#039;anno della tua candidatura ad una borsa di studio FAB. Se non disponibile lascia 2019\"><i class=\"um-icon-help-circled\"><\/i><\/span><div class=\"um-clear\"><\/div><\/div><div class=\"um-field-area\"><input  class=\"um-form-field valid \" type=\"number\" name=\"candidatura_anno-681\" id=\"candidatura_anno-681\" value=\"2019\" placeholder=\"Inserisci anno della tua candidatura ad una borsa FAB \" data-validate=\"\" data-key=\"candidatura_anno\"  min=\"1981\"  max=\"2030\"   aria-invalid=\"false\" \/>\n\n\t\t\t\t\t\t<\/div><\/div><div  id=\"um_field_681_pubblica_amico\" class=\"um-field um-field-checkbox  um-field-pubblica_amico um-field-checkbox um-field-type_checkbox\" data-key=\"pubblica_amico\"  aria-invalid=\"false\" ><div class=\"um-field-label\"><label for=\"pubblica_amico-681\">Visibilit\u00e0 curriculum<span class=\"um-req\" title=\"Richiesto\">*<\/span><\/label><div class=\"um-clear\"><\/div><\/div><div class=\"um-field-area\"><label class=\"um-field-checkbox  um-field-half \"><input   type=\"checkbox\" name=\"pubblica_amico[]\" value=\"Visibile a tutti\"  \/><span class=\"um-field-checkbox-state\"><i class=\"um-icon-android-checkbox-outline-blank\"><\/i><\/span><span class=\"um-field-checkbox-option\">Visibile a tutti<\/span><\/label><label class=\"um-field-checkbox  um-field-half  right \"><input   type=\"checkbox\" name=\"pubblica_amico[]\" value=\"Visibile solo a FAB\"  \/><span class=\"um-field-checkbox-state\"><i class=\"um-icon-android-checkbox-outline-blank\"><\/i><\/span><span class=\"um-field-checkbox-option\">Visibile solo a FAB<\/span><\/label><div class=\"um-clear\"><\/div><div class=\"um-clear\"><\/div><\/div><\/div><div  id=\"um_field_681_curriculum\" class=\"um-field um-field-file  um-field-curriculum um-field-file um-field-type_file\" data-key=\"curriculum\" data-mode=\"register\" data-upload-label=\"CARICA\"><input type=\"hidden\" name=\"curriculum-681\" id=\"curriculum-681\" value=\"\"  aria-invalid=\"false\" \/><div class=\"um-field-label\"><label for=\"curriculum-681\">Curriculum<span class=\"um-req\" title=\"Richiesto\">*<\/span><\/label><span class=\"um-tip um-tip-w\" title=\"Carica il tuo curriculum in Word o PDF\"><i class=\"um-icon-help-circled\"><\/i><\/span><div class=\"um-clear\"><\/div><\/div><div class=\"um-field-area\" style=\"text-align: center;\"><div class=\"um-single-file-preview\" data-key=\"curriculum\"><\/div><a href=\"#\" data-modal=\"um_upload_single\" data-modal-size=\"normal\" data-modal-copy=\"1\" class=\"um-button um-btn-auto-width\">CARICA<\/a><\/div><div class=\"um-modal-hidden-content\"><div class=\"um-modal-header\"> Curriculum<\/div><div class=\"um-modal-body\"><div class=\"um-single-file-preview\">\n\t\t\t\t\t\t\t\t\t\t<a href=\"javascript:void(0);\" class=\"cancel\"><i class=\"um-icon-close\"><\/i><\/a>\n\t\t\t\t\t\t\t\t\t\t<div class=\"um-single-fileinfo\">\n\t\t\t\t\t\t\t\t\t\t\t<a href=\"\" target=\"_blank\">\n\t\t\t\t\t\t\t\t\t\t\t\t<span class=\"icon\"><i><\/i><\/span>\n\t\t\t\t\t\t\t\t\t\t\t\t<span class=\"filename\"><\/span>\n\t\t\t\t\t\t\t\t\t\t\t<\/a>\n\t\t\t\t\t\t\t\t\t\t<\/div>\n\t\t\t\t\t\t\t\t<\/div><div class=\"um-single-file-upload\" data-user_id=\"\" data-timestamp=\"1777529418\" data-nonce=\"34940b989a\"  data-set_id=\"681\" data-set_mode=\"register\" data-type=\"file\" data-key=\"curriculum\" data-max_size=\"10000000\" data-max_size_error=\"This file is too large!\" data-min_size_error=\"This file is too small!\" data-extension_error=\"Sorry this is not a valid file.\"  data-allowed_types=\"pdf,txt,doc,docx\" data-upload_text=\"TRASCINA QUI IL TUO FILE\" data-max_files_error=\"You can only upload one file\" data-upload_help_text=\"Carica il tuo curriculum in Word o PDF\">CARICA<\/div><div class=\"um-modal-footer\">\n\t\t\t\t\t\t\t\t\t<div class=\"um-modal-right\">\n\t\t\t\t\t\t\t\t\t\t<a href=\"javascript:void(0);\" class=\"um-modal-btn um-finish-upload file disabled\" data-key=\"curriculum\" data-change=\"Change file\" data-processing=\"Processing...\"> Save<\/a>\n\t\t\t\t\t\t\t\t\t\t<a href=\"javascript:void(0);\" class=\"um-modal-btn alt\" data-action=\"um_remove_modal\"> Annulla<\/a>\n\t\t\t\t\t\t\t\t\t<\/div>\n\t\t\t\t\t\t\t\t\t<div class=\"um-clear\"><\/div>\n\t\t\t\t\t\t\t\t<\/div><\/div><\/div><\/div><\/div><div class=\"um-clear\"><\/div><\/div>\n<!-- This file should primarily consist of HTML with a little bit of PHP. -->\n<div class=\"um-field um-field-type_terms_conditions\" data-key=\"use_terms_conditions_agreement\" style=\"display:block;padding:0;\">\n\t<div class=\"um-field-area\">\n\t\t<div class=\"um-gdpr-content\" style=\"display:none;\">\n\t\t\t<p>[et_pb_section fb_built=&#8221;1&#8243; admin_label=&#8221;section&#8221; _builder_version=&#8221;3.0.47&#8243;][et_pb_row admin_label=&#8221;row&#8221; _builder_version=&#8221;3.0.48&#8243; background_size=&#8221;initial&#8221; background_position=&#8221;top_left&#8221; background_repeat=&#8221;repeat&#8221;][et_pb_column type=&#8221;4_4&#8243; _builder_version=&#8221;3.0.47&#8243; parallax=&#8221;off&#8221; parallax_method=&#8221;on&#8221;][et_pb_post_title meta=&#8221;off&#8221; featured_image=&#8221;off&#8221; _builder_version=&#8221;3.17.6&#8243; title_font=&#8221;|700||on|||||&#8221; title_font_size=&#8221;20px&#8221; meta_font=&#8221;||||||||&#8221; custom_margin=&#8221;15px||0px|25px&#8221; custom_padding=&#8221;15px||0px&#8221; link_option_url=&#8221;https:\/\/fondazioneaureliobeltrami.org\/wp-content\/uploads\/2019\/11\/Vincitori-borse-studio-della-FAB-3.pdf&#8221; global_module=&#8221;194&#8243;]<\/p>\n<p><a name=\"cap1\"><\/a><b><span class=\"titolo\"><strong>Palazzo\u00a0 di\u00a0 VIA LANZONE 7 &#8211; 20123 MILANO<\/strong><\/span><\/b><\/p>\n<p><span>In centro citt\u00e0 , vicino a Sant\u2019Ambrogio.<\/span><br \/> <span>Costruito tra nel 1960,\u00a0 \u00a0 \u00a0 ha\u00a0 20 appartamenti, 3 uffici,\u00a0 2 negozi ,\u00a0 6 piccoli magazzini e\u00a0\u00a0<\/span><span> 7 box,\u00a0 per un totale di circa 3.800 mq.<\/span><\/p>\n<p>[\/et_pb_post_title][et_pb_divider show_divider=&#8221;off&#8221; _builder_version=&#8221;3.17.6&#8243;][\/et_pb_divider][et_pb_text admin_label=&#8221;Text&#8221; _builder_version=&#8221;3.0.74&#8243; background_size=&#8221;initial&#8221; background_position=&#8221;top_left&#8221; background_repeat=&#8221;repeat&#8221;]<\/p>\n<p><strong>INFORMATIVA SUL TRATTAMENTO DEI DATI PERSONALI E CONSENSO<\/strong><\/p>\n<p>La Fondazione Aurelio Beltrami, via Lanzone 7, 20123 Milano ,\u00a0 d\u2019ora in poi indicata come FAB, in qualit\u00e0 di Titolare del trattamento dei dati\u00a0 secondo quanto previsto dal R.E. 679\/2016 in materia di protezione dei dati personali,\u00a0 fornisce la seguente informativa relativa al trattamento dei Dati personali sia dei candidati che inviano i documenti necessari per partecipare al bando per una borsa di studio sia\u00a0 di tutti coloro che entrano in contatto con la FAB per altri motivi.<\/p>\n<p><strong>A) OGGETTO DEL TRATTAMENTO <\/strong><br \/> La raccolta riguarda soltanto i Dati personali comuni, che saranno oggetto di trattamento nei limiti della presente informativa.<\/p>\n<p><strong>B) MODALITA\u2019 E FINALITA\u2019 DEL TRATTAMENTO <\/strong><br \/> Il trattamento dei Dati \u00e8 svolto sia manualmente che con mezzi informatici e telematici al solo scopo di\u00a0 stabilire una relazione con persone interessate alla attivit\u00e0 della FAB . Tra le persone interessate alla FAB il trattamento dei Dati riguarda in particolare i candidati a una borsa di studio al fine di poter valutare la candidatura,\u00a0 eventualmente attribuire una borsa di studio, e\u00a0 per\u00a0 consentire alla FAB stessa di restare in contatto con il candidato e\/o il vincitore.\u00a0 In caso di assegnazione di una borsa di studio il nominativo del vincitore sar\u00e0 inserito nell&#8217;elenco pubblicato sul sito web istituzionale della Fondazione.<\/p>\n<p><strong>C) AMBITO DI CIRCOLAZIONE E COMUNICAZIONE DEI DATI <\/strong><br \/> Nell\u2019ambito delle finalit\u00e0 indicate nella presente informativa, i Dati saranno conservati online e all&#8217;interno della FAB.<\/p>\n<p><strong>D) NATURA DEL CONFERIMENTO DEI DATI E CONSEGUENZE DEL RIFIUTO <\/strong><\/p>\n<p>Il conferimento dei Dati da parte dell&#8217;interessato \u00e8 finalizzato alla possibilit\u00e0 di svolgere le attivit\u00e0 che questi intende svolgere con la FAB; l&#8217;eventuale mancato conferimento di dati comporterebbe l&#8217;impossibilit\u00e0 di svolgere tali\u00a0 attivit\u00e0 .<\/p>\n<p><strong>E) DIRITTI DELL\u2019INTERESSATO <\/strong><br \/> L\u2019interessato potr\u00e0 esercitare i diritti riconosciuti dal R.E. 679\/2016, capo III, sezioni 2,3 e 4,\u00a0 tra i quali ricordiamo, a titolo esemplificativo, quello di ottenere copia delle informazioni trattate, il loro aggiornamento, la loro rettifica, ovvero, qualora vi abbia interesse, la loro integrazione e, ricorrendone gli estremi, la loro cancellazione o il blocco. Le richieste di accesso ai Dati\u00a0 potranno essere inoltrate alla FAB attraverso l&#8217;indirizzo email: <a href=\"mailto:fab@\"><\/a><a href=\"mailto:fab@\">fab@<\/a><\/p>\n<p><strong>F) TITOLARE DEL TRATTAMENTO<br \/> <\/strong>La Fondazione Aurelio Beltrami, via Lanzone 7, 20123 Milano ,\u00a0 \u00e8 titolare e responsabile del trattamento dei Dati.<\/p>\n<p><strong> CONSENSO<\/strong><strong> AL TRATTAMENTO DEI DATI PERSONALI <\/strong><br \/> Dopo aver letto l\u2019informativa che precede, prendo atto che il trattamento dei miei Dati personali avverr\u00e0 da parte della FAB in piena conformit\u00e0 alla informativa fornita ed alla normativa in vigore in materia di tutela dei dati personali.\u00a0\u00a0 Pertanto in merito alla loro gestione da parte della FAB , sono consapevole del fatto che in mancanza del mio consenso non potranno essere svolte dalla FAB le attivit\u00e0 di mio interesse e non potr\u00f2 partecipare al bando per l&#8217;assegnazione di una borsa di studio.<\/p>\n<p><strong>PER ULTERIORI APPROFONDIMENTI\u00a0<a href=\"https:\/index.php\/privacy-e-trattamento-dei-dati-approfondisci\/\" target=\"_blank\" rel=\"noopener\">CLICCA QUI<\/a><\/strong><\/p>\n<p>[\/et_pb_text][\/et_pb_column][\/et_pb_row][\/et_pb_section]<\/p>\n\t\t<\/div>\n\t\t<a href=\"javascript:void(0);\" class=\"um-toggle-gdpr\" data-toggle-state=\"hidden\"\n\t\t\tdata-toggle-show=\"Mostra Privacy\"\n\t\t\tdata-toggle-hide=\"Nascondi Privacy\">\n\t\t\tMostra Privacy\t\t<\/a>\n\t<\/div>\n\t<div class=\"um-field-area\">\n\t\t<label class=\"um-field-checkbox\">\n\t\t\t<input type=\"checkbox\" name=\"use_gdpr_agreement\" value=\"1\">\n\t\t\t<span class=\"um-field-checkbox-state\"><i class=\"um-icon-android-checkbox-outline-blank\"><\/i><\/span>\n\t\t\t<span class=\"um-field-checkbox-option\">Accetto<\/span>\n\t\t<\/label>\n\t\t<div class=\"um-clear\"><\/div>\n\t\t\t\t<div class=\"um-clear\"><\/div>\n\t<\/div>\n<\/div>\n\t<input type=\"hidden\" name=\"form_id\" id=\"form_id_681\" value=\"681\" \/>\n\t\t<p class=\"um_request_name\">\n\t\t<label for=\"um_request_681\">Only fill in if you are not human<\/label>\n\t\t<input type=\"hidden\" name=\"um_request\" id=\"um_request_681\" class=\"input\" value=\"\" size=\"25\" autocomplete=\"off\" \/>\n\t<\/p>\n\t<input type=\"hidden\" id=\"_wpnonce\" name=\"_wpnonce\" value=\"b603b91179\" \/><input type=\"hidden\" name=\"_wp_http_referer\" value=\"\/index.php\/wp-json\/wp\/v2\/pages\/688\" \/>\n\t<div class=\"um-col-alt\">\n\n\t\t\n\t\t\t<div class=\"um-center\">\n\t\t\t\t<input type=\"submit\" value=\"INVIA I DATI\" class=\"um-button\" id=\"um-submit-btn\" \/>\n\t\t\t<\/div>\n\n\t\t\n\t\t<div class=\"um-clear\"><\/div>\n\n\t<\/div>\n\n\t\t\t<\/form>\n\t<\/div>\n<\/div>\n<style>\n\t\t\t.um-681.um {\n\t\t\tmax-width: 450px;\n\t\t}\n\t\t<\/style>\n\n","protected":false},"excerpt":{"rendered":"","protected":false},"author":1,"featured_media":0,"parent":0,"menu_order":0,"comment_status":"closed","ping_status":"closed","template":"","meta":{"_et_pb_use_builder":"","_et_pb_old_content":"","_et_gb_content_width":"","footnotes":""},"class_list":["post-688","page","type-page","status-publish","hentry"],"_links":{"self":[{"href":"https:\/\/fondazioneaureliobeltrami.org\/index.php\/wp-json\/wp\/v2\/pages\/688","targetHints":{"allow":["GET"]}}],"collection":[{"href":"https:\/\/fondazioneaureliobeltrami.org\/index.php\/wp-json\/wp\/v2\/pages"}],"about":[{"href":"https:\/\/fondazioneaureliobeltrami.org\/index.php\/wp-json\/wp\/v2\/types\/page"}],"author":[{"embeddable":true,"href":"https:\/\/fondazioneaureliobeltrami.org\/index.php\/wp-json\/wp\/v2\/users\/1"}],"replies":[{"embeddable":true,"href":"https:\/\/fondazioneaureliobeltrami.org\/index.php\/wp-json\/wp\/v2\/comments?post=688"}],"version-history":[{"count":1,"href":"https:\/\/fondazioneaureliobeltrami.org\/index.php\/wp-json\/wp\/v2\/pages\/688\/revisions"}],"predecessor-version":[{"id":806,"href":"https:\/\/fondazioneaureliobeltrami.org\/index.php\/wp-json\/wp\/v2\/pages\/688\/revisions\/806"}],"wp:attachment":[{"href":"https:\/\/fondazioneaureliobeltrami.org\/index.php\/wp-json\/wp\/v2\/media?parent=688"}],"curies":[{"name":"wp","href":"https:\/\/api.w.org\/{rel}","templated":true}]}}